{"id":2411,"date":"2017-03-24T09:28:35","date_gmt":"2017-03-24T09:28:35","guid":{"rendered":"https:\/\/www.latinsoft.lv\/?page_id=2411\/"},"modified":"2017-04-18T07:43:06","modified_gmt":"2017-04-18T07:43:06","slug":"aktualnie-gruppi","status":"publish","type":"page","link":"https:\/\/www.latinsoft.lv\/ru\/uchebnij-centr\/aktualnie-gruppi","title":{"rendered":"\u0410\u043a\u0442\u0443\u0430\u043b\u044c\u043d\u044b\u0435 \u0433\u0440\u0443\u043f\u043f\u044b"},"content":{"rendered":"<p>\u0412 \u044d\u0442\u043e\u043c \u0441\u043f\u0438\u0441\u043a\u0435 \u043f\u0440\u0435\u0434\u0441\u0442\u0430\u0432\u043b\u0435\u043d\u044b \u0432\u0441\u0435 \u0430\u043a\u0442\u0443\u0430\u043b\u044c\u043d\u044b\u0435 \u0433\u0440\u0443\u043f\u043f\u044b, \u043a\u043e\u0442\u043e\u0440\u044b\u0435 \u043f\u0440\u043e\u0445\u043e\u0434\u044f\u0442 \u043e\u0431\u0443\u0447\u0435\u043d\u0438\u0435 \u0432 \u043d\u0430\u0448\u0435\u043c \u0446\u0435\u043d\u0442\u0440\u0435 \u0432 \u0434\u0430\u043d\u043d\u044b\u0439 \u043c\u043e\u043c\u0435\u043d\u0442. \u0417\u0434\u0435\u0441\u044c \u0432\u044b \u043c\u043e\u0436\u0435\u0442\u0435 \u043e\u0437\u043d\u0430\u043a\u043e\u043c\u0438\u0442\u044c\u0441\u044f \u0441 \u0440\u0430\u0441\u043f\u0438\u0441\u0430\u043d\u0438\u0435\u043c \u0437\u0430\u043d\u044f\u0442\u0438\u0439 \u0438 \u0443\u0437\u043d\u0430\u0442\u044c \u043e \u0434\u043e\u0441\u0442\u0443\u043f\u043d\u043e\u0441\u0442\u0438 \u0442\u0435\u0445 \u0438\u043b\u0438 \u0438\u043d\u044b\u0445 \u043a\u0443\u0440\u0441\u043e\u0432.<\/p>\n<ul class=\"mc-schedule-list\"><li class=\"mc-schedule-header\"><div class=\"mc-schedule-name\">\u041f\u0440\u043e\u0433\u0440\u0430\u043c\u043c\u0430, \u043a\u0443\u0440\u0441<\/div><div class=\"mc-schedule-hours\">\u0447\u0430\u0441\u043e\u0432<\/div><div class=\"mc-schedule-dates\">\u0414\u0430\u0442\u044b<\/div><div class=\"mc-schedule-download\"><\/div><\/li><li class=\"mc-schedule-item\"><div class=\"mc-schedule-name\"><h2>Intens\u012bvais lietved\u012bbas kurss<\/h2><p>LT1-26<\/p><\/div><div class=\"mc-schedule-hours\">24<\/div><div class=\"mc-schedule-dates\">pie\u0146emam pieteikumus<\/div><div class=\"mc-schedule-download\"><\/div><\/li><li class=\"mc-schedule-item\"><div class=\"mc-schedule-name\"><h2>Ang\u013cu valoda (da\u017e\u0101di l\u012bme\u0146i)<\/h2><p>AV-24<\/p><\/div><div class=\"mc-schedule-hours\">100<\/div><div class=\"mc-schedule-dates\">pie\u0146emam pieteikumus<\/div><div class=\"mc-schedule-download\"><\/div><\/li><li class=\"mc-schedule-item\"><div class=\"mc-schedule-name\"><h2>V\u0101cu valoda (da\u017e\u0101di l\u012bme\u0146i)<\/h2><p>VV-24<\/p><\/div><div class=\"mc-schedule-hours\">100<\/div><div class=\"mc-schedule-dates\">pie\u0146emam pieteikumus<\/div><div class=\"mc-schedule-download\"><\/div><\/li><li class=\"mc-schedule-item\"><div class=\"mc-schedule-name\"><h2>Valsts valoda \u2013 vid\u0113jais l\u012bmenis (B)<\/h2><p>LV1-26<\/p><\/div><div class=\"mc-schedule-hours\">100<\/div><div class=\"mc-schedule-dates\">s\u0101kums 2026. g. jan-feb<\/div><div class=\"mc-schedule-download\"><\/div><\/li><li class=\"mc-schedule-item\"><div class=\"mc-schedule-name\"><h2>Datu apstr\u0101de, anal\u012bze un vizualiz\u0101cija ar Microsoft Excel<\/h2><p>EX1-26<\/p><\/div><div class=\"mc-schedule-hours\">80<\/div><div class=\"mc-schedule-dates\">pie\u0146emam pieteikumus<\/div><div class=\"mc-schedule-download\"><\/div><\/li><li class=\"mc-schedule-item\"><div class=\"mc-schedule-name\"><h2>Latvie\u0161u valodas stilistika, intens\u012bvais kurss<\/h2><p>ST1-26<\/p><\/div><div class=\"mc-schedule-hours\">24<\/div><div class=\"mc-schedule-dates\">pie\u0146emam pieteikumus<\/div><div class=\"mc-schedule-download\"><\/div><\/li><li class=\"mc-schedule-item\"><div class=\"mc-schedule-name\"><h2>Digit\u0101las pamatprasmes darb\u0101 ar MS Office 365 (bez priek\u0161zin\u0101\u0161an\u0101m)<\/h2><p>DZ1-26<\/p><\/div><div class=\"mc-schedule-hours\">80<\/div><div class=\"mc-schedule-dates\">s\u0101kums 2026. g. jan-feb<\/div><div class=\"mc-schedule-download\"><\/div><\/li><li class=\"mc-schedule-item\"><div class=\"mc-schedule-name\"><h2>Elektroniskais paraksts un citi e-pakalpojumi<\/h2><p>EP1-26<\/p><\/div><div class=\"mc-schedule-hours\">80<\/div><div class=\"mc-schedule-dates\">11.02.2026.-10.03.2026.<\/div><div class=\"mc-schedule-download\"><a title=\"\u0420\u0430\u0441\u043f\u0438\u0441\u0430\u043d\u0438\u0435\" target=\"_blank\" href=\"\/lismcd?course=11319\">\u0420\u0430\u0441\u043f\u0438\u0441\u0430\u043d\u0438\u0435<\/a><\/div><\/li><li class=\"mc-schedule-item\"><div class=\"mc-schedule-name\"><h2>Maksl\u012bg\u0101 intelekta pamati<\/h2><p>MI1-26<\/p><\/div><div class=\"mc-schedule-hours\">80<\/div><div class=\"mc-schedule-dates\">s\u0101kums 2026. g. jan-feb<\/div><div class=\"mc-schedule-download\"><\/div><\/li><li class=\"mc-schedule-item\"><div class=\"mc-schedule-name\"><h2>Ang\u013cu valoda (ar priek\u0161zin\u0101\u0161an\u0101m) (Elementary)<\/h2><p>AV1-26<\/p><\/div><div class=\"mc-schedule-hours\">100<\/div><div class=\"mc-schedule-dates\">13.02.2026.-19.03.2026.<\/div><div class=\"mc-schedule-download\"><a title=\"\u0420\u0430\u0441\u043f\u0438\u0441\u0430\u043d\u0438\u0435\" target=\"_blank\" href=\"\/lismcd?course=11928\">\u0420\u0430\u0441\u043f\u0438\u0441\u0430\u043d\u0438\u0435<\/a><\/div><\/li><li class=\"mc-schedule-item\"><div class=\"mc-schedule-name\"><h2>Lo\u0123istikas darbinieks<\/h2><p>LD1-26<\/p><\/div><div class=\"mc-schedule-hours\">960<\/div><div class=\"mc-schedule-dates\">pie\u0146emam pieteikumus<\/div><div class=\"mc-schedule-download\"><\/div><\/li><li class=\"mc-schedule-item\"><div class=\"mc-schedule-name\"><h2>Komercdarbinieks<\/h2><p>KD1-26<\/p><\/div><div class=\"mc-schedule-hours\">960<\/div><div class=\"mc-schedule-dates\">pie\u0146emam pieteikumus<\/div><div class=\"mc-schedule-download\"><\/div><\/li><\/ul>\n","protected":false},"excerpt":{"rendered":"<p>\u0412 \u044d\u0442\u043e\u043c \u0441\u043f\u0438\u0441\u043a\u0435 \u043f\u0440\u0435\u0434\u0441\u0442\u0430\u0432\u043b\u0435\u043d\u044b \u0432\u0441\u0435 \u0430\u043a\u0442\u0443\u0430\u043b\u044c\u043d\u044b\u0435 \u0433\u0440\u0443\u043f\u043f\u044b, \u043a\u043e\u0442\u043e\u0440\u044b\u0435 \u043f\u0440\u043e\u0445\u043e\u0434\u044f\u0442 \u043e\u0431\u0443\u0447\u0435\u043d\u0438\u0435 \u0432 \u043d\u0430\u0448\u0435\u043c \u0446\u0435\u043d\u0442\u0440\u0435 \u0432 \u0434\u0430\u043d\u043d\u044b\u0439 \u043c\u043e\u043c\u0435\u043d\u0442. \u0417\u0434\u0435\u0441\u044c \u0432\u044b \u043c\u043e\u0436\u0435\u0442\u0435 \u043e\u0437\u043d\u0430\u043a\u043e\u043c\u0438\u0442\u044c\u0441\u044f \u0441 \u0440\u0430\u0441\u043f\u0438\u0441\u0430\u043d\u0438\u0435\u043c \u0437\u0430\u043d\u044f\u0442\u0438\u0439 \u0438 \u0443\u0437\u043d\u0430\u0442\u044c \u043e \u0434\u043e\u0441\u0442\u0443\u043f\u043d\u043e\u0441\u0442\u0438 \u0442\u0435\u0445 \u0438\u043b\u0438 \u0438\u043d\u044b\u0445 \u043a\u0443\u0440\u0441\u043e\u0432.<\/p>\n","protected":false},"author":1,"featured_media":0,"parent":196,"menu_order":0,"comment_status":"closed","ping_status":"closed","template":"page-templates\/mc-subpage.php","meta":{"footnotes":""},"class_list":["post-2411","page","type-page","status-publish","hentry"],"yoast_head":"<!-- This site is optimized with the Yoast SEO plugin v23.4 - https:\/\/yoast.com\/wordpress\/plugins\/seo\/ -->\n<title>\u0410\u043a\u0442\u0443\u0430\u043b\u044c\u043d\u044b\u0435 \u0433\u0440\u0443\u043f\u043f\u044b page 2411<\/title>\n<meta name=\"description\" content=\"\u0410\u043a\u0442\u0443\u0430\u043b\u044c\u043d\u044b\u0435 \u0433\u0440\u0443\u043f\u043f\u044b \u0443\u0447\u0435\u0431\u043d\u043e\u0433\u043e \u0446\u0435\u043d\u0442\u0440\u0430 LatInSoft \u2013 \u0441\u043f\u0438\u0441\u043e\u043a \u0434\u043e\u0441\u0442\u0443\u043f\u043d\u044b\u0445 \u0433\u0440\u0443\u043f\u043f \u0438 \u0440\u0430\u0441\u043f\u0438\u0441\u0430\u043d\u0438\u0435 \u0437\u0430\u043d\u044f\u0442\u0438\u0439 \u0432 \u0443\u0447\u0435\u0431\u043d\u043e\u043c \u0446\u0435\u043d\u0442\u0440\u0435., page2 2411\" \/>\n<meta name=\"robots\" content=\"index, follow, max-snippet:-1, max-image-preview:large, max-video-preview:-1\" \/>\n<link rel=\"canonical\" href=\"https:\/\/www.latinsoft.lv\/ru\/uchebnij-centr\/aktualnie-gruppi\" \/>\n<meta property=\"og:locale\" content=\"ru_RU\" \/>\n<meta property=\"og:type\" content=\"article\" \/>\n<meta property=\"og:title\" content=\"\u0410\u043a\u0442\u0443\u0430\u043b\u044c\u043d\u044b\u0435 \u0433\u0440\u0443\u043f\u043f\u044b\" \/>\n<meta property=\"og:description\" content=\"\u0410\u043a\u0442\u0443\u0430\u043b\u044c\u043d\u044b\u0435 \u0433\u0440\u0443\u043f\u043f\u044b \u0443\u0447\u0435\u0431\u043d\u043e\u0433\u043e \u0446\u0435\u043d\u0442\u0440\u0430 LatInSoft \u2013 \u0441\u043f\u0438\u0441\u043e\u043a \u0434\u043e\u0441\u0442\u0443\u043f\u043d\u044b\u0445 \u0433\u0440\u0443\u043f\u043f \u0438 \u0440\u0430\u0441\u043f\u0438\u0441\u0430\u043d\u0438\u0435 \u0437\u0430\u043d\u044f\u0442\u0438\u0439 \u0432 \u0443\u0447\u0435\u0431\u043d\u043e\u043c \u0446\u0435\u043d\u0442\u0440\u0435.\" \/>\n<meta property=\"og:url\" content=\"https:\/\/www.latinsoft.lv\/ru\/uchebnij-centr\/aktualnie-gruppi\" \/>\n<meta property=\"og:site_name\" content=\"Latinsoft\" \/>\n<meta property=\"article:modified_time\" content=\"2017-04-18T07:43:06+00:00\" \/>\n<meta property=\"og:image\" content=\"https:\/\/www.latinsoft.lv\/wp-content\/uploads\/2017\/04\/latinsoft1.jpg\" \/>\n\t<meta property=\"og:image:width\" content=\"1128\" \/>\n\t<meta property=\"og:image:height\" content=\"650\" \/>\n\t<meta property=\"og:image:type\" content=\"image\/jpeg\" \/>\n<meta name=\"twitter:card\" content=\"summary_large_image\" \/>\n<script type=\"application\/ld+json\" class=\"yoast-schema-graph\">{\"@context\":\"https:\/\/schema.org\",\"@graph\":[{\"@type\":\"WebPage\",\"@id\":\"https:\/\/www.latinsoft.lv\/ru\/uchebnij-centr\/aktualnie-gruppi\",\"url\":\"https:\/\/www.latinsoft.lv\/ru\/uchebnij-centr\/aktualnie-gruppi\",\"name\":\"\u0410\u043a\u0442\u0443\u0430\u043b\u044c\u043d\u044b\u0435 \u0433\u0440\u0443\u043f\u043f\u044b\",\"isPartOf\":{\"@id\":\"https:\/\/www.latinsoft.lv\/#website\"},\"datePublished\":\"2017-03-24T09:28:35+00:00\",\"dateModified\":\"2017-04-18T07:43:06+00:00\",\"description\":\"\u0410\u043a\u0442\u0443\u0430\u043b\u044c\u043d\u044b\u0435 \u0433\u0440\u0443\u043f\u043f\u044b \u0443\u0447\u0435\u0431\u043d\u043e\u0433\u043e \u0446\u0435\u043d\u0442\u0440\u0430 LatInSoft \u2013 \u0441\u043f\u0438\u0441\u043e\u043a \u0434\u043e\u0441\u0442\u0443\u043f\u043d\u044b\u0445 \u0433\u0440\u0443\u043f\u043f \u0438 \u0440\u0430\u0441\u043f\u0438\u0441\u0430\u043d\u0438\u0435 \u0437\u0430\u043d\u044f\u0442\u0438\u0439 \u0432 \u0443\u0447\u0435\u0431\u043d\u043e\u043c \u0446\u0435\u043d\u0442\u0440\u0435.\",\"breadcrumb\":{\"@id\":\"https:\/\/www.latinsoft.lv\/ru\/uchebnij-centr\/aktualnie-gruppi#breadcrumb\"},\"inLanguage\":\"ru-RU\",\"potentialAction\":[{\"@type\":\"ReadAction\",\"target\":[\"https:\/\/www.latinsoft.lv\/ru\/uchebnij-centr\/aktualnie-gruppi\"]}]},{\"@type\":\"BreadcrumbList\",\"@id\":\"https:\/\/www.latinsoft.lv\/ru\/uchebnij-centr\/aktualnie-gruppi#breadcrumb\",\"itemListElement\":[{\"@type\":\"ListItem\",\"position\":1,\"name\":\"Home\",\"item\":\"https:\/\/www.latinsoft.lv\/ru\"},{\"@type\":\"ListItem\",\"position\":2,\"name\":\"\u0423\u0447\u0435\u0431\u043d\u044b\u0439 \u0446\u0435\u043d\u0442\u0440\",\"item\":\"https:\/\/www.latinsoft.lv\/ru?page_id=196\"},{\"@type\":\"ListItem\",\"position\":3,\"name\":\"\u0410\u043a\u0442\u0443\u0430\u043b\u044c\u043d\u044b\u0435 \u0433\u0440\u0443\u043f\u043f\u044b\"}]},{\"@type\":\"WebSite\",\"@id\":\"https:\/\/www.latinsoft.lv\/#website\",\"url\":\"https:\/\/www.latinsoft.lv\/\",\"name\":\"Latinsoft\",\"description\":\"Just another WordPress site\",\"potentialAction\":[{\"@type\":\"SearchAction\",\"target\":{\"@type\":\"EntryPoint\",\"urlTemplate\":\"https:\/\/www.latinsoft.lv\/?s={search_term_string}\"},\"query-input\":{\"@type\":\"PropertyValueSpecification\",\"valueRequired\":true,\"valueName\":\"search_term_string\"}}],\"inLanguage\":\"ru-RU\"}]}<\/script>\n<!-- \/ Yoast SEO plugin. -->","yoast_head_json":{"title":"\u0410\u043a\u0442\u0443\u0430\u043b\u044c\u043d\u044b\u0435 \u0433\u0440\u0443\u043f\u043f\u044b page 2411","description":"\u0410\u043a\u0442\u0443\u0430\u043b\u044c\u043d\u044b\u0435 \u0433\u0440\u0443\u043f\u043f\u044b \u0443\u0447\u0435\u0431\u043d\u043e\u0433\u043e \u0446\u0435\u043d\u0442\u0440\u0430 LatInSoft \u2013 \u0441\u043f\u0438\u0441\u043e\u043a \u0434\u043e\u0441\u0442\u0443\u043f\u043d\u044b\u0445 \u0433\u0440\u0443\u043f\u043f \u0438 \u0440\u0430\u0441\u043f\u0438\u0441\u0430\u043d\u0438\u0435 \u0437\u0430\u043d\u044f\u0442\u0438\u0439 \u0432 \u0443\u0447\u0435\u0431\u043d\u043e\u043c \u0446\u0435\u043d\u0442\u0440\u0435., page2 2411","robots":{"index":"index","follow":"follow","max-snippet":"max-snippet:-1","max-image-preview":"max-image-preview:large","max-video-preview":"max-video-preview:-1"},"canonical":"https:\/\/www.latinsoft.lv\/ru\/uchebnij-centr\/aktualnie-gruppi","og_locale":"ru_RU","og_type":"article","og_title":"\u0410\u043a\u0442\u0443\u0430\u043b\u044c\u043d\u044b\u0435 \u0433\u0440\u0443\u043f\u043f\u044b","og_description":"\u0410\u043a\u0442\u0443\u0430\u043b\u044c\u043d\u044b\u0435 \u0433\u0440\u0443\u043f\u043f\u044b \u0443\u0447\u0435\u0431\u043d\u043e\u0433\u043e \u0446\u0435\u043d\u0442\u0440\u0430 LatInSoft \u2013 \u0441\u043f\u0438\u0441\u043e\u043a \u0434\u043e\u0441\u0442\u0443\u043f\u043d\u044b\u0445 \u0433\u0440\u0443\u043f\u043f \u0438 \u0440\u0430\u0441\u043f\u0438\u0441\u0430\u043d\u0438\u0435 \u0437\u0430\u043d\u044f\u0442\u0438\u0439 \u0432 \u0443\u0447\u0435\u0431\u043d\u043e\u043c \u0446\u0435\u043d\u0442\u0440\u0435.","og_url":"https:\/\/www.latinsoft.lv\/ru\/uchebnij-centr\/aktualnie-gruppi","og_site_name":"Latinsoft","article_modified_time":"2017-04-18T07:43:06+00:00","og_image":[{"width":1128,"height":650,"url":"https:\/\/www.latinsoft.lv\/wp-content\/uploads\/2017\/04\/latinsoft1.jpg","type":"image\/jpeg"}],"twitter_card":"summary_large_image","schema":{"@context":"https:\/\/schema.org","@graph":[{"@type":"WebPage","@id":"https:\/\/www.latinsoft.lv\/ru\/uchebnij-centr\/aktualnie-gruppi","url":"https:\/\/www.latinsoft.lv\/ru\/uchebnij-centr\/aktualnie-gruppi","name":"\u0410\u043a\u0442\u0443\u0430\u043b\u044c\u043d\u044b\u0435 \u0433\u0440\u0443\u043f\u043f\u044b","isPartOf":{"@id":"https:\/\/www.latinsoft.lv\/#website"},"datePublished":"2017-03-24T09:28:35+00:00","dateModified":"2017-04-18T07:43:06+00:00","description":"\u0410\u043a\u0442\u0443\u0430\u043b\u044c\u043d\u044b\u0435 \u0433\u0440\u0443\u043f\u043f\u044b \u0443\u0447\u0435\u0431\u043d\u043e\u0433\u043e \u0446\u0435\u043d\u0442\u0440\u0430 LatInSoft \u2013 \u0441\u043f\u0438\u0441\u043e\u043a \u0434\u043e\u0441\u0442\u0443\u043f\u043d\u044b\u0445 \u0433\u0440\u0443\u043f\u043f \u0438 \u0440\u0430\u0441\u043f\u0438\u0441\u0430\u043d\u0438\u0435 \u0437\u0430\u043d\u044f\u0442\u0438\u0439 \u0432 \u0443\u0447\u0435\u0431\u043d\u043e\u043c \u0446\u0435\u043d\u0442\u0440\u0435.","breadcrumb":{"@id":"https:\/\/www.latinsoft.lv\/ru\/uchebnij-centr\/aktualnie-gruppi#breadcrumb"},"inLanguage":"ru-RU","potentialAction":[{"@type":"ReadAction","target":["https:\/\/www.latinsoft.lv\/ru\/uchebnij-centr\/aktualnie-gruppi"]}]},{"@type":"BreadcrumbList","@id":"https:\/\/www.latinsoft.lv\/ru\/uchebnij-centr\/aktualnie-gruppi#breadcrumb","itemListElement":[{"@type":"ListItem","position":1,"name":"Home","item":"https:\/\/www.latinsoft.lv\/ru"},{"@type":"ListItem","position":2,"name":"\u0423\u0447\u0435\u0431\u043d\u044b\u0439 \u0446\u0435\u043d\u0442\u0440","item":"https:\/\/www.latinsoft.lv\/ru?page_id=196"},{"@type":"ListItem","position":3,"name":"\u0410\u043a\u0442\u0443\u0430\u043b\u044c\u043d\u044b\u0435 \u0433\u0440\u0443\u043f\u043f\u044b"}]},{"@type":"WebSite","@id":"https:\/\/www.latinsoft.lv\/#website","url":"https:\/\/www.latinsoft.lv\/","name":"Latinsoft","description":"Just another WordPress site","potentialAction":[{"@type":"SearchAction","target":{"@type":"EntryPoint","urlTemplate":"https:\/\/www.latinsoft.lv\/?s={search_term_string}"},"query-input":{"@type":"PropertyValueSpecification","valueRequired":true,"valueName":"search_term_string"}}],"inLanguage":"ru-RU"}]}},"_links":{"self":[{"href":"https:\/\/www.latinsoft.lv\/ru\/wp-json\/wp\/v2\/pages\/2411"}],"collection":[{"href":"https:\/\/www.latinsoft.lv\/ru\/wp-json\/wp\/v2\/pages"}],"about":[{"href":"https:\/\/www.latinsoft.lv\/ru\/wp-json\/wp\/v2\/types\/page"}],"author":[{"embeddable":true,"href":"https:\/\/www.latinsoft.lv\/ru\/wp-json\/wp\/v2\/users\/1"}],"replies":[{"embeddable":true,"href":"https:\/\/www.latinsoft.lv\/ru\/wp-json\/wp\/v2\/comments?post=2411"}],"version-history":[{"count":5,"href":"https:\/\/www.latinsoft.lv\/ru\/wp-json\/wp\/v2\/pages\/2411\/revisions"}],"predecessor-version":[{"id":3915,"href":"https:\/\/www.latinsoft.lv\/ru\/wp-json\/wp\/v2\/pages\/2411\/revisions\/3915"}],"up":[{"embeddable":true,"href":"https:\/\/www.latinsoft.lv\/ru\/wp-json\/wp\/v2\/pages\/196"}],"wp:attachment":[{"href":"https:\/\/www.latinsoft.lv\/ru\/wp-json\/wp\/v2\/media?parent=2411"}],"curies":[{"name":"wp","href":"https:\/\/api.w.org\/{rel}","templated":true}]}}