{"id":2521,"date":"2015-03-27T09:36:04","date_gmt":"2015-03-27T09:36:04","guid":{"rendered":"https:\/\/www.latinsoft.lv\/?page_id=2521\/"},"modified":"2019-05-28T07:25:29","modified_gmt":"2019-05-28T07:25:29","slug":"molodyozhnaja-garantija","status":"publish","type":"page","link":"https:\/\/www.latinsoft.lv\/ru\/uchebnij-centr\/proekti\/molodyozhnaja-garantija","title":{"rendered":"\u041c\u043e\u043b\u043e\u0434\u0451\u0436\u043d\u0430\u044f \u0433\u0430\u0440\u0430\u043d\u0442\u0438\u044f"},"content":{"rendered":"<p><strong>\u041f\u0435\u0440\u0438\u043e\u0434 \u0440\u0435\u0430\u043b\u0438\u0437\u0430\u0446\u0438\u0438:<\/strong> 2015 \u0433. \u2013 \u0441\u0435\u0439\u0447\u0430\u0441;<br \/>\n<em>\u0441\u043e\u0442\u0440\u0443\u0434\u043d\u0438\u0447\u0435\u0441\u0442\u0432\u043e \u0441 \u0413\u043e\u0441\u0443\u0434\u0430\u0440\u0441\u0442\u0432\u0435\u043d\u043d\u044b\u043c \u0430\u0433\u0435\u043d\u0442\u0441\u0442\u0432\u043e\u043c \u0437\u0430\u043d\u044f\u0442\u043e\u0441\u0442\u0438 \u0441 1993 \u0433\u043e\u0434\u0430<\/em><br \/>\n<strong>\u0424\u0438\u043d\u0430\u043d\u0441\u0438\u0440\u043e\u0432\u0430\u043d\u0438\u0435:<\/strong> \u0415\u0432\u0440\u043e\u043f\u0435\u0439\u0441\u043a\u0438\u0439 \u0441\u043e\u0446\u0438\u0430\u043b\u044c\u043d\u044b\u0439 \u0444\u043e\u043d\u0434 (ESF) \u0426\u0435\u043b\u0435\u0432\u0430\u044f \u0430\u0443\u0434\u0438\u0442\u043e\u0440\u0438\u044f: \u043c\u043e\u043b\u043e\u0434\u044b\u0435 \u043b\u044e\u0434\u0438 \u0432 \u0432\u043e\u0437\u0440\u0430\u0441\u0442\u0435 \u043e\u0442 15 \u0434\u043e 29 \u043b\u0435\u0442, \u043a\u043e\u0442\u043e\u0440\u044b\u0435 \u043d\u0435 \u0443\u0447\u0430\u0442\u0441\u044f \u0438 \u043d\u0435 \u0440\u0430\u0431\u043e\u0442\u0430\u044e\u0442<br \/>\n\u041f\u0440\u043e\u0435\u043a\u0442 \u0441\u043f\u043e\u0441\u043e\u0431\u0441\u0442\u0432\u0443\u0435\u0442 \u043f\u043e\u0432\u044b\u0448\u0435\u043d\u0438\u044e \u0437\u0430\u043d\u044f\u0442\u043e\u0441\u0442\u0438 \u043c\u043e\u043b\u043e\u0434\u044b\u0445 \u0431\u0435\u0437\u0440\u0430\u0431\u043e\u0442\u043d\u044b\u0445, \u0432 \u0447\u0430\u0441\u0442\u043d\u043e\u0441\u0442\u0438, \u0440\u0435\u0430\u043b\u0438\u0437\u0443\u044f \u043c\u0435\u0440\u043e\u043f\u0440\u0438\u044f\u0442\u0438\u044f, \u043d\u0430\u043f\u0440\u0430\u0432\u043b\u0435\u043d\u043d\u044b\u0435 \u043d\u0430 \u0440\u0430\u0437\u0432\u0438\u0442\u0438\u0435 \u0441\u043e\u043e\u0442\u0432\u0435\u0442\u0441\u0442\u0432\u0443\u044e\u0449\u0438\u0445 \u0442\u0440\u0435\u0431\u043e\u0432\u0430\u043d\u0438\u044f\u043c \u0440\u044b\u043d\u043a\u0430 \u0442\u0440\u0443\u0434\u0430 \u043d\u0430\u0432\u044b\u043a\u043e\u0432 \u0438 \u0443\u043c\u0435\u043d\u0438\u0439, \u0438 \u043f\u0440\u0435\u0434\u043e\u0441\u0442\u0430\u0432\u043b\u044f\u044f \u0432\u043e\u0437\u043c\u043e\u0436\u043d\u043e\u0441\u0442\u044c \u043f\u043e\u043b\u0443\u0447\u0438\u0442\u044c \u043f\u0440\u0430\u043a\u0442\u0438\u0447\u0435\u0441\u043a\u0438\u0439 \u043e\u043f\u044b\u0442 \u043d\u0430 \u0440\u0430\u0431\u043e\u0447\u0435\u043c \u043c\u0435\u0441\u0442\u0435.<\/p>\n<p><!--more--><\/p>\n<p><strong>\u0412 \u0440\u0430\u043c\u043a\u0430\u0445 \u043f\u0440\u043e\u0435\u043a\u0442\u0430 \u0443 \u043c\u043e\u043b\u043e\u0434\u044b\u0445 \u043b\u044e\u0434\u0435\u0439 \u0432 \u0432\u043e\u0437\u0440\u0430\u0441\u0442\u0435 \u043e\u0442 15 \u0434\u043e 29 \u043b\u0435\u0442, \u043a\u043e\u0442\u043e\u0440\u044b\u0435 \u043d\u0435 \u0443\u0447\u0430\u0442\u0441\u044f \u0438 \u043d\u0435 \u0440\u0430\u0431\u043e\u0442\u0430\u044e\u0442, \u0435\u0441\u0442\u044c \u0432\u043e\u0437\u043c\u043e\u0436\u043d\u043e\u0441\u0442\u044c \u043f\u043e\u043b\u0443\u0447\u0438\u0442\u044c \u043a\u0443\u043f\u043e\u043d \u043d\u0430 \u043e\u0431\u0443\u0447\u0435\u043d\u0438\u0435 \u043e\u0442 <a href=\"http:\/\/nva.gov.lv\/\" target=\"_blank\" rel=\"nofollow noopener noreferrer\">\u0413\u043e\u0441\u0443\u0434\u0430\u0440\u0441\u0442\u0432\u0435\u043d\u043d\u043e\u0433\u043e \u0430\u0433\u0435\u043d\u0442\u0441\u0442\u0432\u0430 \u0437\u0430\u043d\u044f\u0442\u043e\u0441\u0442\u0438<\/a>, \u043a\u043e\u0442\u043e\u0440\u044b\u0439 \u0434\u0430\u0451\u0442 \u043f\u0440\u0430\u0432\u043e \u043e\u0441\u0432\u043e\u0438\u0442\u044c \u043f\u0440\u043e\u0433\u0440\u0430\u043c\u043c\u044b \u043f\u0440\u043e\u0444\u0435\u0441\u0441\u0438\u043e\u043d\u0430\u043b\u044c\u043d\u043e\u0433\u043e \u0438\u043b\u0438 \u043d\u0435\u0444\u043e\u0440\u043c\u0430\u043b\u044c\u043d\u043e\u0433\u043e \u043e\u0431\u0440\u0430\u0437\u043e\u0432\u0430\u043d\u0438\u044f, \u0430 \u0442\u0430\u043a\u0436\u0435 \u043f\u043e\u043b\u0443\u0447\u0438\u0442\u044c \u0441\u0442\u0438\u043f\u0435\u043d\u0434\u0438\u044e \u0432 \u0440\u0430\u0437\u043c\u0435\u0440\u0435 100 \u0435\u0432\u0440\u043e \u0432 \u043c\u0435\u0441\u044f\u0446.<\/strong><\/p>\n<p><strong>\u0412 \u0443\u0447\u0435\u0431\u043d\u043e\u043c \u0446\u0435\u043d\u0442\u0440\u0435 LatInSoft \u043f\u043e \u043c\u0435\u0442\u043e\u0434\u0443 \u043a\u0443\u043f\u043e\u043d\u043d\u043e\u0433\u043e \u043e\u0431\u0443\u0447\u0435\u043d\u0438\u044f \u043c\u043e\u0436\u043d\u043e \u043e\u0441\u0432\u043e\u0438\u0442\u044c \u0441\u043b\u0435\u0434\u0443\u044e\u0449\u0438\u0435 \u043e\u0431\u0440\u0430\u0437\u043e\u0432\u0430\u0442\u0435\u043b\u044c\u043d\u044b\u0435 \u043f\u0440\u043e\u0433\u0440\u0430\u043c\u043c\u044b:<\/strong><\/p>\n<p>\u041f\u0440\u043e\u0433\u0440\u0430\u043c\u043c\u044b \u0434\u0430\u043b\u044c\u043d\u0435\u0439\u0448\u0435\u0433\u043e \u043f\u0440\u043e\u0444\u0435\u0441\u0441\u0438\u043e\u043d\u0430\u043b\u044c\u043d\u043e\u0433\u043e \u043e\u0431\u0440\u0430\u0437\u043e\u0432\u0430\u043d\u0438\u044f:<\/p>\n<ul>\n<li>\u041e\u043f\u0435\u0440\u0430\u0442\u043e\u0440 \u043f\u043e \u043e\u0431\u0441\u043b\u0443\u0436\u0438\u0432\u0430\u043d\u0438\u044e \u043a\u043b\u0438\u0435\u043d\u0442\u043e\u0432, 480 \u0447.<\/li>\n<li>\u0414\u0435\u043b\u043e\u043f\u0440\u043e\u0438\u0437\u0432\u043e\u0434\u0438\u0442\u0435\u043b\u044c, 640 \u0447.<\/li>\n<\/ul>\n<p>\u041f\u0440\u043e\u0433\u0440\u0430\u043c\u043c\u044b \u043f\u0440\u043e\u0444\u0435\u0441\u0441\u0438\u043e\u043d\u0430\u043b\u044c\u043d\u043e\u0433\u043e \u0441\u043e\u0432\u0435\u0440\u0448\u0435\u043d\u0441\u0442\u0432\u043e\u0432\u0430\u043d\u0438\u044f:<\/p>\n<ul>\n<li>\u041e\u0441\u043d\u043e\u0432\u044b \u0431\u0443\u0445\u0433\u0430\u043b\u0442\u0435\u0440\u0438\u0438, 160 \u0447.<\/li>\n<li>\u041f\u043e\u0432\u044b\u0448\u0435\u043d\u0438\u0435 \u043a\u0432\u0430\u043b\u0438\u0444\u0438\u043a\u0430\u0446\u0438\u0438 \u0438 \u043a\u043e\u043c\u043f\u0435\u0442\u0435\u043d\u0442\u043d\u043e\u0441\u0442\u0438 \u0431\u0443\u0445\u0433\u0430\u043b\u0442\u0435\u0440\u0430, 160 \u0447.<\/li>\n<\/ul>\n<p>\u041d\u0435\u0444\u043e\u0440\u043c\u0430\u043b\u044c\u043d\u044b\u0435 \u043e\u0431\u0440\u0430\u0437\u043e\u0432\u0430\u0442\u0435\u043b\u044c\u043d\u044b\u0435 \u043f\u0440\u043e\u0433\u0440\u0430\u043c\u043c\u044b:<\/p>\n<ul>\n<li>1aK \u2013 \u0413\u043e\u0441\u0443\u0434\u0430\u0440\u0441\u0442\u0432\u0435\u043d\u043d\u044b\u0439 \u044f\u0437\u044b\u043a \u0432 \u0441\u043e\u043e\u0442\u0432\u0435\u0442\u0441\u0442\u0432\u0438\u0438 \u0441 \u043e\u0441\u043d\u043e\u0432\u043d\u044b\u043c \u0443\u0440\u043e\u0432\u043d\u0435\u043c \u0437\u043d\u0430\u043d\u0438\u0439 \u0433\u043e\u0441\u0443\u0434\u0430\u0440\u0441\u0442\u0432\u0435\u043d\u043d\u043e\u0433\u043e \u044f\u0437\u044b\u043a\u0430, 150 \u0447.<\/li>\n<li>2aK \u2013 \u0413\u043e\u0441\u0443\u0434\u0430\u0440\u0441\u0442\u0432\u0435\u043d\u043d\u044b\u0439 \u044f\u0437\u044b\u043a \u0432 \u0441\u043e\u043e\u0442\u0432\u0435\u0442\u0441\u0442\u0432\u0438\u0438 \u0441\u043e \u0441\u0440\u0435\u0434\u043d\u0438\u043c \u0443\u0440\u043e\u0432\u043d\u0435\u043c \u0437\u043d\u0430\u043d\u0438\u0439 \u0433\u043e\u0441\u0443\u0434\u0430\u0440\u0441\u0442\u0432\u0435\u043d\u043d\u043e\u0433\u043e \u044f\u0437\u044b\u043a\u0430, 150 \u0447.<\/li>\n<li>3aK \u2013 \u0413\u043e\u0441\u0443\u0434\u0430\u0440\u0441\u0442\u0432\u0435\u043d\u043d\u044b\u0439 \u044f\u0437\u044b\u043a \u0432 \u0441\u043e\u043e\u0442\u0432\u0435\u0442\u0441\u0442\u0432\u0438\u0438 \u0441 \u0432\u044b\u0441\u0448\u0438\u043c \u0443\u0440\u043e\u0432\u043d\u0435\u043c \u0437\u043d\u0430\u043d\u0438\u0439 \u0433\u043e\u0441\u0443\u0434\u0430\u0440\u0441\u0442\u0432\u0435\u043d\u043d\u043e\u0433\u043e \u044f\u0437\u044b\u043a\u0430, 150 \u0447.<\/li>\n<\/ul>\n<ul>\n<li>67K \u2013 \u0410\u043d\u0433\u043b\u0438\u0439\u0441\u043a\u0438\u0439 \u044f\u0437\u044b\u043a (\u0431\u0435\u0437 \u043f\u0440\u0435\u0434\u0432\u0430\u0440\u0438\u0442\u0435\u043b\u044c\u043d\u044b\u0445 \u0437\u043d\u0430\u043d\u0438\u0439), 150 \u0447.<\/li>\n<li>68K \u2013 \u0410\u043d\u0433\u043b\u0438\u0439\u0441\u043a\u0438\u0439 \u044f\u0437\u044b\u043a (\u0441 \u043f\u0440\u0435\u0434\u0432\u0430\u0440\u0438\u0442\u0435\u043b\u044c\u043d\u044b\u043c\u0438 \u0437\u043d\u0430\u043d\u0438\u044f\u043c\u0438) (Elementary), 100 \u0447.<\/li>\n<li>69K \u2013 \u0410\u043d\u0433\u043b\u0438\u0439\u0441\u043a\u0438\u0439 \u044f\u0437\u044b\u043a (\u0441 \u043f\u0440\u0435\u0434\u0432\u0430\u0440\u0438\u0442\u0435\u043b\u044c\u043d\u044b\u043c\u0438 \u0437\u043d\u0430\u043d\u0438\u044f\u043c\u0438) (Lower Intermediate), 100 \u0447.<\/li>\n<li>70K \u2013 \u0410\u043d\u0433\u043b\u0438\u0439\u0441\u043a\u0438\u0439 \u044f\u0437\u044b\u043a (\u0441 \u043f\u0440\u0435\u0434\u0432\u0430\u0440\u0438\u0442\u0435\u043b\u044c\u043d\u044b\u043c\u0438 \u0437\u043d\u0430\u043d\u0438\u044f\u043c\u0438) (Intermediate), 100 \u0447.<\/li>\n<li>71K \u2013 \u0410\u043d\u0433\u043b\u0438\u0439\u0441\u043a\u0438\u0439 \u044f\u0437\u044b\u043a (\u0441 \u043f\u0440\u0435\u0434\u0432\u0430\u0440\u0438\u0442\u0435\u043b\u044c\u043d\u044b\u043c\u0438 \u0437\u043d\u0430\u043d\u0438\u044f\u043c\u0438) (Higher Intermediate), 100 \u0447.<\/li>\n<li>91K \u2013 \u041d\u0435\u043c\u0435\u0446\u043a\u0438\u0439 \u044f\u0437\u044b\u043a (\u0431\u0435\u0437 \u043f\u0440\u0435\u0434\u0432\u0430\u0440\u0438\u0442\u0435\u043b\u044c\u043d\u044b\u0445 \u0437\u043d\u0430\u043d\u0438\u0439), 150 \u0447.<\/li>\n<li>92K \u2013 \u041d\u0435\u043c\u0435\u0446\u043a\u0438\u0439 \u044f\u0437\u044b\u043a (\u0441 \u043f\u0440\u0435\u0434\u0432\u0430\u0440\u0438\u0442\u0435\u043b\u044c\u043d\u044b\u043c\u0438 \u0437\u043d\u0430\u043d\u0438\u044f\u043c\u0438), 100 \u0447.<\/li>\n<li>95K \u2013 \u0424\u0440\u0430\u043d\u0446\u0443\u0437\u0441\u043a\u0438\u0439 \u044f\u0437\u044b\u043a (\u0431\u0435\u0437 \u043f\u0440\u0435\u0434\u0432\u0430\u0440\u0438\u0442\u0435\u043b\u044c\u043d\u044b\u0445 \u0437\u043d\u0430\u043d\u0438\u0439), 150 \u0447.<\/li>\n<\/ul>\n<ul>\n<li>100K \u2013 \u041a\u043e\u043c\u043f\u044c\u044e\u0442\u0435\u0440\u043d\u044b\u0435 \u043d\u0430\u0432\u044b\u043a\u0438 (\u0431\u0435\u0437 \u043f\u0440\u0435\u0434\u0432\u0430\u0440\u0438\u0442\u0435\u043b\u044c\u043d\u044b\u0445 \u0437\u043d\u0430\u043d\u0438\u0439), 120 \u0447.<\/li>\n<li>101K \u2013 \u041a\u043e\u043c\u043f\u044c\u044e\u0442\u0435\u0440\u043d\u044b\u0435 \u043d\u0430\u0432\u044b\u043a\u0438 (\u0441 \u043f\u0440\u0435\u0434\u0432\u0430\u0440\u0438\u0442\u0435\u043b\u044c\u043d\u044b\u043c\u0438 \u0437\u043d\u0430\u043d\u0438\u044f\u043c\u0438), 120 \u0447.<\/li>\n<li>110K \u2013 Corel Draw Graphics, 120 \u0447.<\/li>\n<\/ul>\n<p>\u0411\u043e\u043b\u044c\u0448\u0435 \u0438\u043d\u0444\u043e\u0440\u043c\u0430\u0446\u0438\u0438 <a href=\"http:\/\/nva.gov.lv\/index.php?cid=2&amp;mid=511&amp;txt=4159\" target=\"_blank\" rel=\"nofollow noopener noreferrer\">\u043d\u0430 \u0441\u0430\u0439\u0442\u0435 \u0413\u043e\u0441\u0443\u0434\u0430\u0440\u0441\u0442\u0432\u0435\u043d\u043d\u043e\u0433\u043e \u0430\u0433\u0435\u043d\u0442\u0441\u0442\u0432\u0430 \u0437\u0430\u043d\u044f\u0442\u043e\u0441\u0442\u0438<\/a>.<\/p>\n<p><img loading=\"lazy\" decoding=\"async\" class=\"size-full wp-image-2522 alignnone\" src=\"https:\/\/www.latinsoft.lv\/wp-content\/uploads\/2017\/03\/nva-nap-es-logo.png\" alt=\"Nodarbin\u0101t\u012bbas valsts a\u0123ent\u016br\u0101, Nacionalais attistibas plans 2020, Eiropas soci\u0101lais fonds\" width=\"862\" height=\"167\" \/><\/p>\n","protected":false},"excerpt":{"rendered":"<p>\u041f\u0435\u0440\u0438\u043e\u0434 \u0440\u0435\u0430\u043b\u0438\u0437\u0430\u0446\u0438\u0438: 2015 \u0433. \u2013 \u0441\u0435\u0439\u0447\u0430\u0441; \u0441\u043e\u0442\u0440\u0443\u0434\u043d\u0438\u0447\u0435\u0441\u0442\u0432\u043e \u0441 \u0413\u043e\u0441\u0443\u0434\u0430\u0440\u0441\u0442\u0432\u0435\u043d\u043d\u044b\u043c \u0430\u0433\u0435\u043d\u0442\u0441\u0442\u0432\u043e\u043c \u0437\u0430\u043d\u044f\u0442\u043e\u0441\u0442\u0438 \u0441 1993 \u0433\u043e\u0434\u0430 \u0424\u0438\u043d\u0430\u043d\u0441\u0438\u0440\u043e\u0432\u0430\u043d\u0438\u0435: \u0415\u0432\u0440\u043e\u043f\u0435\u0439\u0441\u043a\u0438\u0439 \u0441\u043e\u0446\u0438\u0430\u043b\u044c\u043d\u044b\u0439 \u0444\u043e\u043d\u0434 (ESF) \u0426\u0435\u043b\u0435\u0432\u0430\u044f \u0430\u0443\u0434\u0438\u0442\u043e\u0440\u0438\u044f: \u043c\u043e\u043b\u043e\u0434\u044b\u0435 \u043b\u044e\u0434\u0438 \u0432 \u0432\u043e\u0437\u0440\u0430\u0441\u0442\u0435 \u043e\u0442 15 \u0434\u043e 29 \u043b\u0435\u0442, \u043a\u043e\u0442\u043e\u0440\u044b\u0435 \u043d\u0435 \u0443\u0447\u0430\u0442\u0441\u044f \u0438 \u043d\u0435 \u0440\u0430\u0431\u043e\u0442\u0430\u044e\u0442 \u041f\u0440\u043e\u0435\u043a\u0442 \u0441\u043f\u043e\u0441\u043e\u0431\u0441\u0442\u0432\u0443\u0435\u0442 \u043f\u043e\u0432\u044b\u0448\u0435\u043d\u0438\u044e \u0437\u0430\u043d\u044f\u0442\u043e\u0441\u0442\u0438 \u043c\u043e\u043b\u043e\u0434\u044b\u0445 \u0431\u0435\u0437\u0440\u0430\u0431\u043e\u0442\u043d\u044b\u0445, \u0432 \u0447\u0430\u0441\u0442\u043d\u043e\u0441\u0442\u0438, \u0440\u0435\u0430\u043b\u0438\u0437\u0443\u044f \u043c\u0435\u0440\u043e\u043f\u0440\u0438\u044f\u0442\u0438\u044f, \u043d\u0430\u043f\u0440\u0430\u0432\u043b\u0435\u043d\u043d\u044b\u0435 \u043d\u0430 \u0440\u0430\u0437\u0432\u0438\u0442\u0438\u0435 \u0441\u043e\u043e\u0442\u0432\u0435\u0442\u0441\u0442\u0432\u0443\u044e\u0449\u0438\u0445 \u0442\u0440\u0435\u0431\u043e\u0432\u0430\u043d\u0438\u044f\u043c \u0440\u044b\u043d\u043a\u0430 \u0442\u0440\u0443\u0434\u0430 \u043d\u0430\u0432\u044b\u043a\u043e\u0432 \u0438 &hellip; <a href=\"https:\/\/www.latinsoft.lv\/ru\/uchebnij-centr\/proekti\/molodyozhnaja-garantija\" class=\"more-link\" style=\"color: #2BAADF;\">\u0427\u0438\u0442\u0430\u0442\u044c \u0434\u0430\u043b\u044c\u0448\u0435<\/a><\/p>\n","protected":false},"author":1,"featured_media":2518,"parent":2500,"menu_order":7,"comment_status":"closed","ping_status":"closed","template":"","meta":{"footnotes":""},"class_list":["post-2521","page","type-page","status-publish","has-post-thumbnail","hentry"],"yoast_head":"<!-- This site is optimized with the Yoast SEO plugin v23.4 - https:\/\/yoast.com\/wordpress\/plugins\/seo\/ -->\n<title>\u041c\u043e\u043b\u043e\u0434\u0451\u0436\u043d\u0430\u044f \u0433\u0430\u0440\u0430\u043d\u0442\u0438\u044f page 2521<\/title>\n<meta name=\"description\" content=\"\u041c\u043e\u043b\u043e\u0434\u0451\u0436\u043d\u0430\u044f \u0433\u0430\u0440\u0430\u043d\u0442\u0438\u044f - \u043f\u0440\u043e\u0435\u043a\u0442 \u0441\u043f\u043e\u0441\u043e\u0431\u0441\u0442\u0432\u0443\u0435\u0442 \u043f\u043e\u0432\u044b\u0448\u0435\u043d\u0438\u044e \u0437\u0430\u043d\u044f\u0442\u043e\u0441\u0442\u0438 \u043c\u043e\u043b\u043e\u0434\u044b\u0445 \u0431\u0435\u0437\u0440\u0430\u0431\u043e\u0442\u043d\u044b\u0445., page2 2521\" \/>\n<meta name=\"robots\" content=\"index, follow, max-snippet:-1, max-image-preview:large, max-video-preview:-1\" \/>\n<link rel=\"canonical\" href=\"https:\/\/www.latinsoft.lv\/ru\/uchebnij-centr\/proekti\/molodyozhnaja-garantija\" \/>\n<meta property=\"og:locale\" content=\"ru_RU\" \/>\n<meta property=\"og:type\" content=\"article\" \/>\n<meta property=\"og:title\" content=\"\u041c\u043e\u043b\u043e\u0434\u0451\u0436\u043d\u0430\u044f \u0433\u0430\u0440\u0430\u043d\u0442\u0438\u044f\" \/>\n<meta property=\"og:description\" content=\"\u041c\u043e\u043b\u043e\u0434\u0451\u0436\u043d\u0430\u044f \u0433\u0430\u0440\u0430\u043d\u0442\u0438\u044f - \u043f\u0440\u043e\u0435\u043a\u0442 \u0441\u043f\u043e\u0441\u043e\u0431\u0441\u0442\u0432\u0443\u0435\u0442 \u043f\u043e\u0432\u044b\u0448\u0435\u043d\u0438\u044e \u0437\u0430\u043d\u044f\u0442\u043e\u0441\u0442\u0438 \u043c\u043e\u043b\u043e\u0434\u044b\u0445 \u0431\u0435\u0437\u0440\u0430\u0431\u043e\u0442\u043d\u044b\u0445.\" \/>\n<meta property=\"og:url\" content=\"https:\/\/www.latinsoft.lv\/ru\/uchebnij-centr\/proekti\/molodyozhnaja-garantija\" \/>\n<meta property=\"og:site_name\" content=\"Latinsoft\" \/>\n<meta property=\"article:modified_time\" content=\"2019-05-28T07:25:29+00:00\" \/>\n<meta property=\"og:image\" content=\"https:\/\/www.latinsoft.lv\/wp-content\/uploads\/2017\/03\/nva-1.jpg\" \/>\n\t<meta property=\"og:image:width\" content=\"360\" \/>\n\t<meta property=\"og:image:height\" content=\"200\" \/>\n\t<meta property=\"og:image:type\" content=\"image\/jpeg\" \/>\n<meta name=\"twitter:card\" content=\"summary_large_image\" \/>\n<script type=\"application\/ld+json\" class=\"yoast-schema-graph\">{\"@context\":\"https:\/\/schema.org\",\"@graph\":[{\"@type\":\"WebPage\",\"@id\":\"https:\/\/www.latinsoft.lv\/ru\/uchebnij-centr\/proekti\/molodyozhnaja-garantija\",\"url\":\"https:\/\/www.latinsoft.lv\/ru\/uchebnij-centr\/proekti\/molodyozhnaja-garantija\",\"name\":\"\u041c\u043e\u043b\u043e\u0434\u0451\u0436\u043d\u0430\u044f \u0433\u0430\u0440\u0430\u043d\u0442\u0438\u044f\",\"isPartOf\":{\"@id\":\"https:\/\/www.latinsoft.lv\/#website\"},\"primaryImageOfPage\":{\"@id\":\"https:\/\/www.latinsoft.lv\/ru\/uchebnij-centr\/proekti\/molodyozhnaja-garantija#primaryimage\"},\"image\":{\"@id\":\"https:\/\/www.latinsoft.lv\/ru\/uchebnij-centr\/proekti\/molodyozhnaja-garantija#primaryimage\"},\"thumbnailUrl\":\"https:\/\/www.latinsoft.lv\/wp-content\/uploads\/2017\/03\/nva-1.jpg\",\"datePublished\":\"2015-03-27T09:36:04+00:00\",\"dateModified\":\"2019-05-28T07:25:29+00:00\",\"description\":\"\u041c\u043e\u043b\u043e\u0434\u0451\u0436\u043d\u0430\u044f \u0433\u0430\u0440\u0430\u043d\u0442\u0438\u044f - \u043f\u0440\u043e\u0435\u043a\u0442 \u0441\u043f\u043e\u0441\u043e\u0431\u0441\u0442\u0432\u0443\u0435\u0442 \u043f\u043e\u0432\u044b\u0448\u0435\u043d\u0438\u044e \u0437\u0430\u043d\u044f\u0442\u043e\u0441\u0442\u0438 \u043c\u043e\u043b\u043e\u0434\u044b\u0445 \u0431\u0435\u0437\u0440\u0430\u0431\u043e\u0442\u043d\u044b\u0445.\",\"breadcrumb\":{\"@id\":\"https:\/\/www.latinsoft.lv\/ru\/uchebnij-centr\/proekti\/molodyozhnaja-garantija#breadcrumb\"},\"inLanguage\":\"ru-RU\",\"potentialAction\":[{\"@type\":\"ReadAction\",\"target\":[\"https:\/\/www.latinsoft.lv\/ru\/uchebnij-centr\/proekti\/molodyozhnaja-garantija\"]}]},{\"@type\":\"ImageObject\",\"inLanguage\":\"ru-RU\",\"@id\":\"https:\/\/www.latinsoft.lv\/ru\/uchebnij-centr\/proekti\/molodyozhnaja-garantija#primaryimage\",\"url\":\"https:\/\/www.latinsoft.lv\/wp-content\/uploads\/2017\/03\/nva-1.jpg\",\"contentUrl\":\"https:\/\/www.latinsoft.lv\/wp-content\/uploads\/2017\/03\/nva-1.jpg\",\"width\":360,\"height\":200},{\"@type\":\"BreadcrumbList\",\"@id\":\"https:\/\/www.latinsoft.lv\/ru\/uchebnij-centr\/proekti\/molodyozhnaja-garantija#breadcrumb\",\"itemListElement\":[{\"@type\":\"ListItem\",\"position\":1,\"name\":\"Home\",\"item\":\"https:\/\/www.latinsoft.lv\/ru\"},{\"@type\":\"ListItem\",\"position\":2,\"name\":\"\u0423\u0447\u0435\u0431\u043d\u044b\u0439 \u0446\u0435\u043d\u0442\u0440\",\"item\":\"https:\/\/www.latinsoft.lv\/ru?page_id=196\"},{\"@type\":\"ListItem\",\"position\":3,\"name\":\"\u041f\u0440\u043e\u0435\u043a\u0442\u044b \u0443\u0447\u0435\u0431\u043d\u043e\u0433\u043e \u0446\u0435\u043d\u0442\u0440\u0430 LatInSoft\",\"item\":\"https:\/\/www.latinsoft.lv\/ru\/uchebnij-centr\/proekti\"},{\"@type\":\"ListItem\",\"position\":4,\"name\":\"\u041c\u043e\u043b\u043e\u0434\u0451\u0436\u043d\u0430\u044f \u0433\u0430\u0440\u0430\u043d\u0442\u0438\u044f\"}]},{\"@type\":\"WebSite\",\"@id\":\"https:\/\/www.latinsoft.lv\/#website\",\"url\":\"https:\/\/www.latinsoft.lv\/\",\"name\":\"Latinsoft\",\"description\":\"Just another WordPress site\",\"potentialAction\":[{\"@type\":\"SearchAction\",\"target\":{\"@type\":\"EntryPoint\",\"urlTemplate\":\"https:\/\/www.latinsoft.lv\/?s={search_term_string}\"},\"query-input\":{\"@type\":\"PropertyValueSpecification\",\"valueRequired\":true,\"valueName\":\"search_term_string\"}}],\"inLanguage\":\"ru-RU\"}]}<\/script>\n<!-- \/ Yoast SEO plugin. -->","yoast_head_json":{"title":"\u041c\u043e\u043b\u043e\u0434\u0451\u0436\u043d\u0430\u044f \u0433\u0430\u0440\u0430\u043d\u0442\u0438\u044f page 2521","description":"\u041c\u043e\u043b\u043e\u0434\u0451\u0436\u043d\u0430\u044f \u0433\u0430\u0440\u0430\u043d\u0442\u0438\u044f - \u043f\u0440\u043e\u0435\u043a\u0442 \u0441\u043f\u043e\u0441\u043e\u0431\u0441\u0442\u0432\u0443\u0435\u0442 \u043f\u043e\u0432\u044b\u0448\u0435\u043d\u0438\u044e \u0437\u0430\u043d\u044f\u0442\u043e\u0441\u0442\u0438 \u043c\u043e\u043b\u043e\u0434\u044b\u0445 \u0431\u0435\u0437\u0440\u0430\u0431\u043e\u0442\u043d\u044b\u0445., page2 2521","robots":{"index":"index","follow":"follow","max-snippet":"max-snippet:-1","max-image-preview":"max-image-preview:large","max-video-preview":"max-video-preview:-1"},"canonical":"https:\/\/www.latinsoft.lv\/ru\/uchebnij-centr\/proekti\/molodyozhnaja-garantija","og_locale":"ru_RU","og_type":"article","og_title":"\u041c\u043e\u043b\u043e\u0434\u0451\u0436\u043d\u0430\u044f \u0433\u0430\u0440\u0430\u043d\u0442\u0438\u044f","og_description":"\u041c\u043e\u043b\u043e\u0434\u0451\u0436\u043d\u0430\u044f \u0433\u0430\u0440\u0430\u043d\u0442\u0438\u044f - \u043f\u0440\u043e\u0435\u043a\u0442 \u0441\u043f\u043e\u0441\u043e\u0431\u0441\u0442\u0432\u0443\u0435\u0442 \u043f\u043e\u0432\u044b\u0448\u0435\u043d\u0438\u044e \u0437\u0430\u043d\u044f\u0442\u043e\u0441\u0442\u0438 \u043c\u043e\u043b\u043e\u0434\u044b\u0445 \u0431\u0435\u0437\u0440\u0430\u0431\u043e\u0442\u043d\u044b\u0445.","og_url":"https:\/\/www.latinsoft.lv\/ru\/uchebnij-centr\/proekti\/molodyozhnaja-garantija","og_site_name":"Latinsoft","article_modified_time":"2019-05-28T07:25:29+00:00","og_image":[{"width":360,"height":200,"url":"https:\/\/www.latinsoft.lv\/wp-content\/uploads\/2017\/03\/nva-1.jpg","type":"image\/jpeg"}],"twitter_card":"summary_large_image","schema":{"@context":"https:\/\/schema.org","@graph":[{"@type":"WebPage","@id":"https:\/\/www.latinsoft.lv\/ru\/uchebnij-centr\/proekti\/molodyozhnaja-garantija","url":"https:\/\/www.latinsoft.lv\/ru\/uchebnij-centr\/proekti\/molodyozhnaja-garantija","name":"\u041c\u043e\u043b\u043e\u0434\u0451\u0436\u043d\u0430\u044f \u0433\u0430\u0440\u0430\u043d\u0442\u0438\u044f","isPartOf":{"@id":"https:\/\/www.latinsoft.lv\/#website"},"primaryImageOfPage":{"@id":"https:\/\/www.latinsoft.lv\/ru\/uchebnij-centr\/proekti\/molodyozhnaja-garantija#primaryimage"},"image":{"@id":"https:\/\/www.latinsoft.lv\/ru\/uchebnij-centr\/proekti\/molodyozhnaja-garantija#primaryimage"},"thumbnailUrl":"https:\/\/www.latinsoft.lv\/wp-content\/uploads\/2017\/03\/nva-1.jpg","datePublished":"2015-03-27T09:36:04+00:00","dateModified":"2019-05-28T07:25:29+00:00","description":"\u041c\u043e\u043b\u043e\u0434\u0451\u0436\u043d\u0430\u044f \u0433\u0430\u0440\u0430\u043d\u0442\u0438\u044f - \u043f\u0440\u043e\u0435\u043a\u0442 \u0441\u043f\u043e\u0441\u043e\u0431\u0441\u0442\u0432\u0443\u0435\u0442 \u043f\u043e\u0432\u044b\u0448\u0435\u043d\u0438\u044e \u0437\u0430\u043d\u044f\u0442\u043e\u0441\u0442\u0438 \u043c\u043e\u043b\u043e\u0434\u044b\u0445 \u0431\u0435\u0437\u0440\u0430\u0431\u043e\u0442\u043d\u044b\u0445.","breadcrumb":{"@id":"https:\/\/www.latinsoft.lv\/ru\/uchebnij-centr\/proekti\/molodyozhnaja-garantija#breadcrumb"},"inLanguage":"ru-RU","potentialAction":[{"@type":"ReadAction","target":["https:\/\/www.latinsoft.lv\/ru\/uchebnij-centr\/proekti\/molodyozhnaja-garantija"]}]},{"@type":"ImageObject","inLanguage":"ru-RU","@id":"https:\/\/www.latinsoft.lv\/ru\/uchebnij-centr\/proekti\/molodyozhnaja-garantija#primaryimage","url":"https:\/\/www.latinsoft.lv\/wp-content\/uploads\/2017\/03\/nva-1.jpg","contentUrl":"https:\/\/www.latinsoft.lv\/wp-content\/uploads\/2017\/03\/nva-1.jpg","width":360,"height":200},{"@type":"BreadcrumbList","@id":"https:\/\/www.latinsoft.lv\/ru\/uchebnij-centr\/proekti\/molodyozhnaja-garantija#breadcrumb","itemListElement":[{"@type":"ListItem","position":1,"name":"Home","item":"https:\/\/www.latinsoft.lv\/ru"},{"@type":"ListItem","position":2,"name":"\u0423\u0447\u0435\u0431\u043d\u044b\u0439 \u0446\u0435\u043d\u0442\u0440","item":"https:\/\/www.latinsoft.lv\/ru?page_id=196"},{"@type":"ListItem","position":3,"name":"\u041f\u0440\u043e\u0435\u043a\u0442\u044b \u0443\u0447\u0435\u0431\u043d\u043e\u0433\u043e \u0446\u0435\u043d\u0442\u0440\u0430 LatInSoft","item":"https:\/\/www.latinsoft.lv\/ru\/uchebnij-centr\/proekti"},{"@type":"ListItem","position":4,"name":"\u041c\u043e\u043b\u043e\u0434\u0451\u0436\u043d\u0430\u044f \u0433\u0430\u0440\u0430\u043d\u0442\u0438\u044f"}]},{"@type":"WebSite","@id":"https:\/\/www.latinsoft.lv\/#website","url":"https:\/\/www.latinsoft.lv\/","name":"Latinsoft","description":"Just another WordPress site","potentialAction":[{"@type":"SearchAction","target":{"@type":"EntryPoint","urlTemplate":"https:\/\/www.latinsoft.lv\/?s={search_term_string}"},"query-input":{"@type":"PropertyValueSpecification","valueRequired":true,"valueName":"search_term_string"}}],"inLanguage":"ru-RU"}]}},"_links":{"self":[{"href":"https:\/\/www.latinsoft.lv\/ru\/wp-json\/wp\/v2\/pages\/2521"}],"collection":[{"href":"https:\/\/www.latinsoft.lv\/ru\/wp-json\/wp\/v2\/pages"}],"about":[{"href":"https:\/\/www.latinsoft.lv\/ru\/wp-json\/wp\/v2\/types\/page"}],"author":[{"embeddable":true,"href":"https:\/\/www.latinsoft.lv\/ru\/wp-json\/wp\/v2\/users\/1"}],"replies":[{"embeddable":true,"href":"https:\/\/www.latinsoft.lv\/ru\/wp-json\/wp\/v2\/comments?post=2521"}],"version-history":[{"count":6,"href":"https:\/\/www.latinsoft.lv\/ru\/wp-json\/wp\/v2\/pages\/2521\/revisions"}],"predecessor-version":[{"id":9122,"href":"https:\/\/www.latinsoft.lv\/ru\/wp-json\/wp\/v2\/pages\/2521\/revisions\/9122"}],"up":[{"embeddable":true,"href":"https:\/\/www.latinsoft.lv\/ru\/wp-json\/wp\/v2\/pages\/2500"}],"wp:featuredmedia":[{"embeddable":true,"href":"https:\/\/www.latinsoft.lv\/ru\/wp-json\/wp\/v2\/media\/2518"}],"wp:attachment":[{"href":"https:\/\/www.latinsoft.lv\/ru\/wp-json\/wp\/v2\/media?parent=2521"}],"curies":[{"name":"wp","href":"https:\/\/api.w.org\/{rel}","templated":true}]}}